{"id":460,"date":"2016-04-02T19:20:52","date_gmt":"2016-04-02T17:20:52","guid":{"rendered":"http:\/\/zirbitzkogel.at\/blog\/?page_id=460"},"modified":"2021-12-31T22:44:53","modified_gmt":"2021-12-31T20:44:53","slug":"ueber-mich","status":"publish","type":"page","link":"http:\/\/zirbitzkogel.at\/blog\/ueber-mich\/","title":{"rendered":"\u00dcber mich"},"content":{"rendered":"<figure id=\"attachment_1140\" aria-describedby=\"caption-attachment-1140\" style=\"width: 150px\" class=\"wp-caption alignright\"><img decoding=\"async\" loading=\"lazy\" class=\"size-thumbnail wp-image-1140\" src=\"http:\/\/zirbitzkogel.at\/blog\/wp-content\/uploads\/2019\/01\/autor_stvb-150x150.jpg\" alt=\"Am Thorong La Pass (5416 m), Nepal\" width=\"150\" height=\"150\" \/><figcaption id=\"caption-attachment-1140\" class=\"wp-caption-text\">Am Thorong La Pass (5416 m), Nepal<\/figcaption><\/figure>\n<p>Mein Name ist Stefan Valentin Baumgartner. Nach dem Besuch der <a href=\"https:\/\/www.htl-wolfsberg.at\" target=\"_blank\" rel=\"noopener noreferrer\">H\u00f6heren Technischen Bundeslehranstalt (HTL) f\u00fcr Maschinenbau und Automatisierungstechnik<\/a> in Wolfsberg, \u00d6sterreich, habe ich an der <a href=\"http:\/\/www.tugraz.at\" target=\"_blank\" rel=\"noopener noreferrer\">Technischen Universit\u00e4t Graz<\/a> Elektro- und Informationstechnik studiert. Meine Doktorpr\u00fcfung habe ich im selben Fachgebiet am <a href=\"http:\/\/www.kit.edu\" target=\"_blank\" rel=\"noopener noreferrer\">Karlsruher Institut f\u00fcr Technologie (KIT)<\/a> in Deutschland gemacht. Zur Zeit arbeite ich in Bayern als wissenschaftlicher Mitarbeiter in einem gr\u00f6\u00dferen Forschungszentrum im Bereich der Luft- und Raumfahrt.<\/p>\n<p>In meiner Freizeit bin ich gerne auf Reisen und in den Bergen unterwegs, einmal pro Jahr auch als ehrenamtlicher (und somit unbezahlter) Tourenf\u00fchrer f\u00fcr einen alpinen Verein in \u00d6sterreich. In j\u00fcngeren Jahren habe ich die staatliche Pr\u00fcfung zum Instruktor Hochtouren und Instruktor Skitouren gemacht. Ich kenne mich somit auch mit den im Bergsport \u00fcblichen Seil- und Sicherungstechniken recht gut aus und bin mir der alpinen Gefahren bewusst.<\/p>\n<p>Seit 2004 bin ich Inhaber von <a href=\"http:\/\/www.zirbitzkogel.at\" target=\"_blank\" rel=\"noopener noreferrer\">www.zirbitzkogel.at<\/a>. Die Website <a href=\"http:\/\/www.zirbitzkogel.at\" target=\"_blank\" rel=\"noopener noreferrer\">www.zirbitzkogel.at<\/a>, der zugeh\u00f6rige Blog <a href=\"http:\/\/www.zirbitzkogel.at\/blog\" target=\"_blank\" rel=\"noopener noreferrer\">blog.zirbitzkogel.at<\/a> und die zugeh\u00f6rige Fotogalerie <a href=\"http:\/\/www.zirbitzkogel.at\/photos\" target=\"_blank\" rel=\"noopener noreferrer\">photos.zirbitzkogel.at<\/a> werden von mir privat und ohne Gewinnabsicht betrieben. Die Idee zur Website entstand w\u00e4hrend meines Studiums in Graz, aus Liebe zu meinem Hausberg, dem Zirbitzkogel.<\/p>\n<p>Meine Webseite besch\u00e4ftigt sich haupts\u00e4chlich mit dem Zirbitzkogel als Berg und mit den im Zirbitzkogel-Gebiet m\u00f6glichen Wanderungen. Au\u00dferdem m\u00f6chte ich auch etwas Grundwissen zum Thema Bergnot, Ausr\u00fcstung, Gletscher und H\u00f6henbergsteigen vermitteln. Im Blog schreibe ich haupts\u00e4chlich \u00fcber privat durchgef\u00fchrte Bergtouren, im Winter ab und an auch mal zu den aktuellen Skitourenverh\u00e4ltnissen am Zirbitzkogel. Es gibt aber auch vereinzelte Beitr\u00e4ge zu eher technischen Themen.<\/p>\n","protected":false},"excerpt":{"rendered":"<p>Mein Name ist Stefan Valentin Baumgartner. Nach dem Besuch der H\u00f6heren Technischen Bundeslehranstalt (HTL) f\u00fcr Maschinenbau und Automatisierungstechnik in Wolfsberg, \u00d6sterreich, habe ich an der Technischen Universit\u00e4t Graz Elektro- und Informationstechnik studiert. Meine Doktorpr\u00fcfung habe ich im selben Fachgebiet am Karlsruher Institut f\u00fcr Technologie (KIT) in Deutschland gemacht. Zur Zeit arbeite ich in Bayern als wissenschaftlicher Mitarbeiter in einem gr\u00f6\u00dferen Forschungszentrum im Bereich der Luft- und Raumfahrt. In meiner Freizeit bin ich gerne auf Reisen und in den Bergen unterwegs,&#8230;<\/p>\n<p class=\"read-more\"><a class=\"btn btn-default\" href=\"http:\/\/zirbitzkogel.at\/blog\/ueber-mich\/\">Weiterlesen<span class=\"screen-reader-text\"> Weiterlesen<\/span><\/a><\/p>\n","protected":false},"author":1,"featured_media":0,"parent":0,"menu_order":0,"comment_status":"closed","ping_status":"closed","template":"","meta":[],"_links":{"self":[{"href":"http:\/\/zirbitzkogel.at\/blog\/wp-json\/wp\/v2\/pages\/460"}],"collection":[{"href":"http:\/\/zirbitzkogel.at\/blog\/wp-json\/wp\/v2\/pages"}],"about":[{"href":"http:\/\/zirbitzkogel.at\/blog\/wp-json\/wp\/v2\/types\/page"}],"author":[{"embeddable":true,"href":"http:\/\/zirbitzkogel.at\/blog\/wp-json\/wp\/v2\/users\/1"}],"replies":[{"embeddable":true,"href":"http:\/\/zirbitzkogel.at\/blog\/wp-json\/wp\/v2\/comments?post=460"}],"version-history":[{"count":23,"href":"http:\/\/zirbitzkogel.at\/blog\/wp-json\/wp\/v2\/pages\/460\/revisions"}],"predecessor-version":[{"id":2410,"href":"http:\/\/zirbitzkogel.at\/blog\/wp-json\/wp\/v2\/pages\/460\/revisions\/2410"}],"wp:attachment":[{"href":"http:\/\/zirbitzkogel.at\/blog\/wp-json\/wp\/v2\/media?parent=460"}],"curies":[{"name":"wp","href":"https:\/\/api.w.org\/{rel}","templated":true}]}}